{"id":177,"date":"2019-01-07T17:21:09","date_gmt":"2019-01-07T17:21:09","guid":{"rendered":"http:\/\/www.salicetum.ch\/?page_id=177"},"modified":"2019-01-07T17:21:09","modified_gmt":"2019-01-07T17:21:09","slug":"impressum","status":"publish","type":"page","link":"https:\/\/www.salicetum.ch\/?page_id=177","title":{"rendered":"Impressum"},"content":{"rendered":"\n<p>\u00a9 salicetum.ch &#8211; Dr. Sonja Z\u00fcllig-Morf<br>Alle Texte, Grafiken und   Bilder auf dieser Website sind urheberrechtlich gesch\u00fctzt und d\u00fcrfen   weder ganz noch teilweise vervielf\u00e4ltigt, weitergegeben, verbreitet oder   gespeichert werden. Die kommerzielle Nutzung ohne weitere Absprachen   ist nicht gestattet.<br>F\u00fcr die Inhalte der auf dieser Website   aufgef\u00fchrten Links sind die jeweiligen Anbieter selber verantwortlich.   Jegliche Haftung f\u00fcr den Inhalt der verlinkten Seiten wird ausdr\u00fccklich   abgelehnt.  <\/p>\n","protected":false},"excerpt":{"rendered":"<p>\u00a9 salicetum.ch &#8211; Dr. Sonja Z\u00fcllig-MorfAlle Texte, Grafiken und Bilder auf dieser Website sind urheberrechtlich gesch\u00fctzt und d\u00fcrfen weder ganz noch teilweise vervielf\u00e4ltigt, weitergegeben, verbreitet [&hellip;] <span class=\"read-more-link\"><a class=\"read-more\" href=\"https:\/\/www.salicetum.ch\/?page_id=177\">Read More<\/a><\/span><\/p>\n","protected":false},"author":1,"featured_media":0,"parent":0,"menu_order":0,"comment_status":"closed","ping_status":"closed","template":"page-templates\/fullwidth.php","meta":{"footnotes":""},"class_list":["post-177","page","type-page","status-publish","hentry"],"_links":{"self":[{"href":"https:\/\/www.salicetum.ch\/index.php?rest_route=\/wp\/v2\/pages\/177","targetHints":{"allow":["GET"]}}],"collection":[{"href":"https:\/\/www.salicetum.ch\/index.php?rest_route=\/wp\/v2\/pages"}],"about":[{"href":"https:\/\/www.salicetum.ch\/index.php?rest_route=\/wp\/v2\/types\/page"}],"author":[{"embeddable":true,"href":"https:\/\/www.salicetum.ch\/index.php?rest_route=\/wp\/v2\/users\/1"}],"replies":[{"embeddable":true,"href":"https:\/\/www.salicetum.ch\/index.php?rest_route=%2Fwp%2Fv2%2Fcomments&post=177"}],"version-history":[{"count":1,"href":"https:\/\/www.salicetum.ch\/index.php?rest_route=\/wp\/v2\/pages\/177\/revisions"}],"predecessor-version":[{"id":178,"href":"https:\/\/www.salicetum.ch\/index.php?rest_route=\/wp\/v2\/pages\/177\/revisions\/178"}],"wp:attachment":[{"href":"https:\/\/www.salicetum.ch\/index.php?rest_route=%2Fwp%2Fv2%2Fmedia&parent=177"}],"curies":[{"name":"wp","href":"https:\/\/api.w.org\/{rel}","templated":true}]}}